{"id":4082,"date":"2022-04-25T15:31:23","date_gmt":"2022-04-25T15:31:23","guid":{"rendered":"https:\/\/www.livriz.com\/livriz-edit\/"},"modified":"2022-07-29T14:19:54","modified_gmt":"2022-07-29T14:19:54","slug":"livriz-edit","status":"publish","type":"page","link":"https:\/\/livriz.com\/pt-br\/livriz-edit\/","title":{"rendered":"Livriz Edit"},"content":{"rendered":"<div class=\"gb-container gb-container-14524bed alignfull\"><div class=\"gb-inside-container\">\n<div class=\"gb-container gb-container-ae0509bd alignfull\"><div class=\"gb-inside-container\">\n<div class=\"gb-grid-wrapper gb-grid-wrapper-eaa6f42b\">\n<div class=\"gb-grid-column gb-grid-column-105671a0\"><div class=\"gb-container gb-container-105671a0\"><div class=\"gb-inside-container\"><\/div><\/div><\/div>\n\n<div class=\"gb-grid-column gb-grid-column-8e9fbae2\"><div class=\"gb-container gb-container-8e9fbae2\"><div class=\"gb-inside-container\">\n<div class=\"gb-button-wrapper gb-button-wrapper-49f34201\">\n\n<a class=\"gb-button gb-button-5b15f17b\" href=\"\/\"><span class=\"gb-icon\"><svg xmlns=\"http:\/\/www.w3.org\/2000\/svg\" viewBox=\"0 0 44 44\"><defs><style>.cls-1{fill:#2760F2;}.cls-2{fill:none;stroke:#fff;stroke-linecap:round;stroke-linejoin:round;stroke-width:2px;}<\/style><\/defs><g id=\"Capa_2\" data-name=\"Capa 2\"><g id=\"Capa_1-2\" data-name=\"Capa 1\"><circle class=\"cls-1\" cx=\"22\" cy=\"22\" r=\"22\"><\/circle><path class=\"cls-2\" d=\"M30,22H14\"><\/path><path class=\"cls-2\" d=\"M20,28l-6-6,6-6\"><\/path><\/g><\/g><\/svg><\/span><span class=\"gb-button-text\">Livriz Edit<\/span><\/a>\n\n<\/div>\n\n\n<h1 class=\"gb-headline gb-headline-013a7e84 gb-headline-text\">Transforme seus arquivos de palavras em Ebook e PDFs, de forma autom\u00e1tica e em apenas 5 minutos.<\/h1>\n\n<\/div><\/div><\/div>\n<\/div>\n<\/div><\/div>\n<\/div><\/div>\n\n<div class=\"gb-container gb-container-cb12e294\"><div class=\"gb-inside-container\">\n<div class=\"gb-grid-wrapper gb-grid-wrapper-78a0d9bc\">\n<div class=\"gb-grid-column gb-grid-column-146cb7b1\"><div class=\"gb-container gb-container-146cb7b1\"><div class=\"gb-inside-container\">\n<div class=\"gb-container gb-container-282bc49f livriz-sell-cards\"><div class=\"gb-inside-container\">\n\n<h4 class=\"gb-headline gb-headline-99905752 gb-headline-text\">Edite online de forma colaborativa e opte por organiz\u00e1-los em formato de livro ou impresso<\/h4>\n\n\n\n<p class=\"gb-headline gb-headline-c43a4255 gb-headline-text\">Quando estiver pronto para imprimir, pague com o Mercado Pago, por transfer\u00eancia ou parcelado no cart\u00e3o de cr\u00e9dito.<\/p>\n\n<\/div><\/div>\n<\/div><\/div><\/div>\n\n<div class=\"gb-grid-column gb-grid-column-573853fd\"><div class=\"gb-container gb-container-573853fd livriz-sell-cards\"><div class=\"gb-inside-container\">\n<div class=\"gb-container gb-container-f6456a86\"><div class=\"gb-inside-container\">\n\n<h4 class=\"gb-headline gb-headline-eb07e9eb gb-headline-text\">Deixe-os prontos para imprimir instantaneamente<\/h4>\n\n\n\n<div class=\"gb-headline gb-headline-f9c12272 gb-headline-text\">Solicite-nos modelos ou designs personalizados.<\/div>\n\n<\/div><\/div>\n<\/div><\/div><\/div>\n<\/div>\n<\/div><\/div>\n\n<div class=\"gb-container gb-container-aa34e2a5\"><div class=\"gb-inside-container\">\n\n<h6 class=\"gb-headline gb-headline-600179ff gb-headline-text\">Se voc\u00ea est\u00e1 interessado nesta solu\u00e7\u00e3o,<br>Contate-nos<\/h6>\n\n\n<div class=\"wp-block-image\">\n<figure class=\"aligncenter size-full\" id=\"livriz\"><img loading=\"lazy\" decoding=\"async\" width=\"24\" height=\"52\" src=\"https:\/\/www.livriz.com\/wp-content\/uploads\/2022\/04\/Group-46.png\" alt=\"Livriz\" class=\"wp-image-2566\" title=\"\"><\/figure>\n<\/div>\n<\/div><\/div>","protected":false},"excerpt":{"rendered":"<p>Se voc\u00ea est\u00e1 interessado nesta solu\u00e7\u00e3o,Contate-nos<\/p>\n","protected":false},"author":3,"featured_media":0,"parent":0,"menu_order":0,"comment_status":"closed","ping_status":"closed","template":"","meta":{"content-type":"","footnotes":""},"class_list":["post-4082","page","type-page","status-publish"],"acf":[],"uagb_featured_image_src":{"full":false,"thumbnail":false,"medium":false,"medium_large":false,"large":false,"1536x1536":false,"2048x2048":false},"uagb_author_info":{"display_name":"Livriz","author_link":"https:\/\/livriz.com\/pt-br\/author\/livrizadmin\/"},"uagb_comment_info":0,"uagb_excerpt":"Se voc\u00ea est\u00e1 interessado nesta solu\u00e7\u00e3o,Contate-nos","_links":{"self":[{"href":"https:\/\/livriz.com\/pt-br\/wp-json\/wp\/v2\/pages\/4082","targetHints":{"allow":["GET"]}}],"collection":[{"href":"https:\/\/livriz.com\/pt-br\/wp-json\/wp\/v2\/pages"}],"about":[{"href":"https:\/\/livriz.com\/pt-br\/wp-json\/wp\/v2\/types\/page"}],"author":[{"embeddable":true,"href":"https:\/\/livriz.com\/pt-br\/wp-json\/wp\/v2\/users\/3"}],"replies":[{"embeddable":true,"href":"https:\/\/livriz.com\/pt-br\/wp-json\/wp\/v2\/comments?post=4082"}],"version-history":[{"count":1,"href":"https:\/\/livriz.com\/pt-br\/wp-json\/wp\/v2\/pages\/4082\/revisions"}],"predecessor-version":[{"id":4084,"href":"https:\/\/livriz.com\/pt-br\/wp-json\/wp\/v2\/pages\/4082\/revisions\/4084"}],"wp:attachment":[{"href":"https:\/\/livriz.com\/pt-br\/wp-json\/wp\/v2\/media?parent=4082"}],"curies":[{"name":"wp","href":"https:\/\/api.w.org\/{rel}","templated":true}]}}